{"id":777,"date":"2024-01-09T14:53:39","date_gmt":"2024-01-09T17:53:39","guid":{"rendered":"https:\/\/johnhowardfredericton.ca\/?page_id=777"},"modified":"2024-01-09T14:54:15","modified_gmt":"2024-01-09T17:54:15","slug":"9-8-8-ligne-daide-en-cas-de-crise-de-suicide","status":"publish","type":"page","link":"https:\/\/johnhowardfredericton.ca\/fr\/9-8-8-ligne-daide-en-cas-de-crise-de-suicide\/","title":{"rendered":"9-8-8 Ligne d&rsquo;aide en cas de crise de suicide"},"content":{"rendered":"\n<h2 class=\"wp-block-heading\"><strong>9-8-8 Ligne d&rsquo;aide en cas de crise de suicide<\/strong><\/h2>\n\n\n\n<p>Par T\u00e9l\u00e9phone: 9-8-8 (sans frais, 24h sur 24)<\/p>\n\n\n\n<p>Par Texte: 9-8-8 (Sans frais, 24h sur 24)<\/p>\n\n\n\n<p>La Soci\u00e9t\u00e9 John Howard de Fredericton est un fier partenaire de 9-8-8 ligne d&rsquo;aide en cas de crise de suicide.<\/p>\n\n\n\n<p><strong>Si tu as des pens\u00e9es suicidaires ou tu t&rsquo;inqui\u00e8tes pour quelqu&rsquo;un que tu connais, 9-8-8 est ici pour aider. Tu peux t\u00e9l\u00e9phoner ou texter 9-8-8 sans frais, 24h sur 24, pour obtenir de l&rsquo;aide d&rsquo;un r\u00e9pondeur en anglais ou fran\u00e7ais.<\/strong><\/p>\n\n\n\n<p>9-8-8 est une nouvelle ligne d&rsquo;\u00e9coute pour tous au Canada qui pense au suicide ou qui est inquiet pour quelqu&rsquo;un d\u2019autre. Tu peux t\u00e9l\u00e9phoner ou texter 9-8-8 sans frais, 24h sur 24, pour obtenir l&rsquo;aide en anglais ou fran\u00e7ais. Les r\u00e9pondeurs de 9-8-8 sont l\u00e0 pour \u00e9couter et provenir de l&rsquo;aide sans jugement.<\/p>\n\n\n\n<p>La formation des r\u00e9pondeurs s&rsquo;appuie sur des preuves, les meilleures pratiques et les voix des personnes les plus touch\u00e9es par le suicide pour garantir que chacun, o\u00f9 qu&rsquo;il soit, puisse acc\u00e9der au soutien dont ils ont besoin.<\/p>\n\n\n\n<p>En tant que partenaire du 9-8-8, la Soci\u00e9t\u00e9 John Howard de Fredericton fait partie d&rsquo;un r\u00e9seau de lignes d&rsquo;\u00e9coute t\u00e9l\u00e9phonique locales, provinciales, territoriales et nationales \u00e0 travers du pays dont les intervenants r\u00e9pondent aux appels et\/ou SMS de 9-8-8.<\/p>\n\n\n\n<figure class=\"wp-block-image\"><img loading=\"lazy\" decoding=\"async\" width=\"2948\" height=\"412\" src=\"https:\/\/johnhowardfredericton.ca\/wp-content\/uploads\/2024\/01\/988-John-Howard-Fredericton.png\" alt=\"\" class=\"wp-image-766\" srcset=\"https:\/\/johnhowardfredericton.ca\/wp-content\/uploads\/2024\/01\/988-John-Howard-Fredericton.png 2948w, https:\/\/johnhowardfredericton.ca\/wp-content\/uploads\/2024\/01\/988-John-Howard-Fredericton-300x42.png 300w, https:\/\/johnhowardfredericton.ca\/wp-content\/uploads\/2024\/01\/988-John-Howard-Fredericton-1024x143.png 1024w, https:\/\/johnhowardfredericton.ca\/wp-content\/uploads\/2024\/01\/988-John-Howard-Fredericton-768x107.png 768w, https:\/\/johnhowardfredericton.ca\/wp-content\/uploads\/2024\/01\/988-John-Howard-Fredericton-1536x215.png 1536w, https:\/\/johnhowardfredericton.ca\/wp-content\/uploads\/2024\/01\/988-John-Howard-Fredericton-2048x286.png 2048w, https:\/\/johnhowardfredericton.ca\/wp-content\/uploads\/2024\/01\/988-John-Howard-Fredericton-1440x201.png 1440w\" sizes=\"auto, (max-width: 2948px) 100vw, 2948px\" \/><\/figure>\n","protected":false},"excerpt":{"rendered":"<p>9-8-8 Ligne d&rsquo;aide en cas de crise de suicide Par T\u00e9l\u00e9phone: 9-8-8 (sans frais, 24h sur 24) Par Texte: 9-8-8 (Sans frais, 24h sur 24) La Soci\u00e9t\u00e9 John Howard de Fredericton est un fier partenaire de 9-8-8 ligne d&rsquo;aide en cas de crise de suicide. Si tu as des pens\u00e9es suicidaires ou tu t&rsquo;inqui\u00e8tes pour [&hellip;]<\/p>\n","protected":false},"author":2,"featured_media":0,"parent":0,"menu_order":0,"comment_status":"closed","ping_status":"closed","template":"","meta":{"_acf_changed":false,"inline_featured_image":false,"footnotes":""},"class_list":["post-777","page","type-page","status-publish","hentry"],"acf":[],"yoast_head":"<!-- This site is optimized with the Yoast SEO plugin v22.3 - https:\/\/yoast.com\/wordpress\/plugins\/seo\/ -->\n<title>9-8-8 Ligne d&#039;aide en cas de crise de suicide | The John Howard Society Of Fredericton Inc<\/title>\n<meta name=\"description\" content=\"The John Howard Society of Fredericton Inc. is a community-based organization. Our purpose is to assist inmates, ex-offenders, and those considered to be at risk to offend (due to their economic, emotional, social, or other factors) in their attempts to re-enter the circles of mainstream society.\" \/>\n<meta name=\"robots\" content=\"index, follow, max-snippet:-1, max-image-preview:large, max-video-preview:-1\" \/>\n<link rel=\"canonical\" href=\"https:\/\/johnhowardfredericton.ca\/fr\/9-8-8-ligne-daide-en-cas-de-crise-de-suicide\/\" \/>\n<meta property=\"og:locale\" content=\"fr_FR\" \/>\n<meta property=\"og:type\" content=\"article\" \/>\n<meta property=\"og:title\" content=\"9-8-8 Ligne d&#039;aide en cas de crise de suicide | The John Howard Society Of Fredericton Inc\" \/>\n<meta property=\"og:description\" content=\"The John Howard Society of Fredericton Inc. is a community-based organization. Our purpose is to assist inmates, ex-offenders, and those considered to be at risk to offend (due to their economic, emotional, social, or other factors) in their attempts to re-enter the circles of mainstream society.\" \/>\n<meta property=\"og:url\" content=\"https:\/\/johnhowardfredericton.ca\/fr\/9-8-8-ligne-daide-en-cas-de-crise-de-suicide\/\" \/>\n<meta property=\"og:site_name\" content=\"The John Howard Society Of Fredericton Inc\" \/>\n<meta property=\"article:modified_time\" content=\"2024-01-09T17:54:15+00:00\" \/>\n<meta property=\"og:image\" content=\"https:\/\/johnhowardfredericton.ca\/wp-content\/uploads\/2024\/01\/988-John-Howard-Fredericton.png\" \/>\n<meta name=\"twitter:card\" content=\"summary_large_image\" \/>\n<meta name=\"twitter:label1\" content=\"Dur\u00e9e de lecture estim\u00e9e\" \/>\n\t<meta name=\"twitter:data1\" content=\"2 minutes\" \/>\n<script type=\"application\/ld+json\" class=\"yoast-schema-graph\">{\"@context\":\"https:\/\/schema.org\",\"@graph\":[{\"@type\":\"WebPage\",\"@id\":\"https:\/\/johnhowardfredericton.ca\/fr\/9-8-8-ligne-daide-en-cas-de-crise-de-suicide\/\",\"url\":\"https:\/\/johnhowardfredericton.ca\/fr\/9-8-8-ligne-daide-en-cas-de-crise-de-suicide\/\",\"name\":\"9-8-8 Ligne d'aide en cas de crise de suicide | The John Howard Society Of Fredericton Inc\",\"isPartOf\":{\"@id\":\"https:\/\/johnhowardfredericton.ca\/fr\/#website\"},\"primaryImageOfPage\":{\"@id\":\"https:\/\/johnhowardfredericton.ca\/fr\/9-8-8-ligne-daide-en-cas-de-crise-de-suicide\/#primaryimage\"},\"image\":{\"@id\":\"https:\/\/johnhowardfredericton.ca\/fr\/9-8-8-ligne-daide-en-cas-de-crise-de-suicide\/#primaryimage\"},\"thumbnailUrl\":\"https:\/\/johnhowardfredericton.ca\/wp-content\/uploads\/2024\/01\/988-John-Howard-Fredericton.png\",\"datePublished\":\"2024-01-09T17:53:39+00:00\",\"dateModified\":\"2024-01-09T17:54:15+00:00\",\"description\":\"The John Howard Society of Fredericton Inc. is a community-based organization. Our purpose is to assist inmates, ex-offenders, and those considered to be at risk to offend (due to their economic, emotional, social, or other factors) in their attempts to re-enter the circles of mainstream society.\",\"breadcrumb\":{\"@id\":\"https:\/\/johnhowardfredericton.ca\/fr\/9-8-8-ligne-daide-en-cas-de-crise-de-suicide\/#breadcrumb\"},\"inLanguage\":\"fr-FR\",\"potentialAction\":[{\"@type\":\"ReadAction\",\"target\":[\"https:\/\/johnhowardfredericton.ca\/fr\/9-8-8-ligne-daide-en-cas-de-crise-de-suicide\/\"]}]},{\"@type\":\"ImageObject\",\"inLanguage\":\"fr-FR\",\"@id\":\"https:\/\/johnhowardfredericton.ca\/fr\/9-8-8-ligne-daide-en-cas-de-crise-de-suicide\/#primaryimage\",\"url\":\"https:\/\/johnhowardfredericton.ca\/wp-content\/uploads\/2024\/01\/988-John-Howard-Fredericton.png\",\"contentUrl\":\"https:\/\/johnhowardfredericton.ca\/wp-content\/uploads\/2024\/01\/988-John-Howard-Fredericton.png\"},{\"@type\":\"BreadcrumbList\",\"@id\":\"https:\/\/johnhowardfredericton.ca\/fr\/9-8-8-ligne-daide-en-cas-de-crise-de-suicide\/#breadcrumb\",\"itemListElement\":[{\"@type\":\"ListItem\",\"position\":1,\"name\":\"Home\",\"item\":\"https:\/\/johnhowardfredericton.ca\/fr\/\"},{\"@type\":\"ListItem\",\"position\":2,\"name\":\"9-8-8 Ligne d&#8217;aide en cas de crise de suicide\"}]},{\"@type\":\"WebSite\",\"@id\":\"https:\/\/johnhowardfredericton.ca\/fr\/#website\",\"url\":\"https:\/\/johnhowardfredericton.ca\/fr\/\",\"name\":\"The John Howard Society Of Fredericton Inc\",\"description\":\"Just another WordPress site\",\"publisher\":{\"@id\":\"https:\/\/johnhowardfredericton.ca\/fr\/#organization\"},\"potentialAction\":[{\"@type\":\"SearchAction\",\"target\":{\"@type\":\"EntryPoint\",\"urlTemplate\":\"https:\/\/johnhowardfredericton.ca\/fr\/?s={search_term_string}\"},\"query-input\":\"required name=search_term_string\"}],\"inLanguage\":\"fr-FR\"},{\"@type\":\"Organization\",\"@id\":\"https:\/\/johnhowardfredericton.ca\/fr\/#organization\",\"name\":\"The John Howard Society Of Fredericton Inc\",\"url\":\"https:\/\/johnhowardfredericton.ca\/fr\/\",\"logo\":{\"@type\":\"ImageObject\",\"inLanguage\":\"fr-FR\",\"@id\":\"https:\/\/johnhowardfredericton.ca\/fr\/#\/schema\/logo\/image\/\",\"url\":\"https:\/\/johnhowardfredericton.ca\/wp-content\/uploads\/2022\/11\/logo.png\",\"contentUrl\":\"https:\/\/johnhowardfredericton.ca\/wp-content\/uploads\/2022\/11\/logo.png\",\"width\":366,\"height\":100,\"caption\":\"The John Howard Society Of Fredericton Inc\"},\"image\":{\"@id\":\"https:\/\/johnhowardfredericton.ca\/fr\/#\/schema\/logo\/image\/\"}}]}<\/script>\n<!-- \/ Yoast SEO plugin. -->","yoast_head_json":{"title":"9-8-8 Ligne d'aide en cas de crise de suicide | The John Howard Society Of Fredericton Inc","description":"The John Howard Society of Fredericton Inc. is a community-based organization. Our purpose is to assist inmates, ex-offenders, and those considered to be at risk to offend (due to their economic, emotional, social, or other factors) in their attempts to re-enter the circles of mainstream society.","robots":{"index":"index","follow":"follow","max-snippet":"max-snippet:-1","max-image-preview":"max-image-preview:large","max-video-preview":"max-video-preview:-1"},"canonical":"https:\/\/johnhowardfredericton.ca\/fr\/9-8-8-ligne-daide-en-cas-de-crise-de-suicide\/","og_locale":"fr_FR","og_type":"article","og_title":"9-8-8 Ligne d'aide en cas de crise de suicide | The John Howard Society Of Fredericton Inc","og_description":"The John Howard Society of Fredericton Inc. is a community-based organization. Our purpose is to assist inmates, ex-offenders, and those considered to be at risk to offend (due to their economic, emotional, social, or other factors) in their attempts to re-enter the circles of mainstream society.","og_url":"https:\/\/johnhowardfredericton.ca\/fr\/9-8-8-ligne-daide-en-cas-de-crise-de-suicide\/","og_site_name":"The John Howard Society Of Fredericton Inc","article_modified_time":"2024-01-09T17:54:15+00:00","og_image":[{"url":"https:\/\/johnhowardfredericton.ca\/wp-content\/uploads\/2024\/01\/988-John-Howard-Fredericton.png"}],"twitter_card":"summary_large_image","twitter_misc":{"Dur\u00e9e de lecture estim\u00e9e":"2 minutes"},"schema":{"@context":"https:\/\/schema.org","@graph":[{"@type":"WebPage","@id":"https:\/\/johnhowardfredericton.ca\/fr\/9-8-8-ligne-daide-en-cas-de-crise-de-suicide\/","url":"https:\/\/johnhowardfredericton.ca\/fr\/9-8-8-ligne-daide-en-cas-de-crise-de-suicide\/","name":"9-8-8 Ligne d'aide en cas de crise de suicide | The John Howard Society Of Fredericton Inc","isPartOf":{"@id":"https:\/\/johnhowardfredericton.ca\/fr\/#website"},"primaryImageOfPage":{"@id":"https:\/\/johnhowardfredericton.ca\/fr\/9-8-8-ligne-daide-en-cas-de-crise-de-suicide\/#primaryimage"},"image":{"@id":"https:\/\/johnhowardfredericton.ca\/fr\/9-8-8-ligne-daide-en-cas-de-crise-de-suicide\/#primaryimage"},"thumbnailUrl":"https:\/\/johnhowardfredericton.ca\/wp-content\/uploads\/2024\/01\/988-John-Howard-Fredericton.png","datePublished":"2024-01-09T17:53:39+00:00","dateModified":"2024-01-09T17:54:15+00:00","description":"The John Howard Society of Fredericton Inc. is a community-based organization. Our purpose is to assist inmates, ex-offenders, and those considered to be at risk to offend (due to their economic, emotional, social, or other factors) in their attempts to re-enter the circles of mainstream society.","breadcrumb":{"@id":"https:\/\/johnhowardfredericton.ca\/fr\/9-8-8-ligne-daide-en-cas-de-crise-de-suicide\/#breadcrumb"},"inLanguage":"fr-FR","potentialAction":[{"@type":"ReadAction","target":["https:\/\/johnhowardfredericton.ca\/fr\/9-8-8-ligne-daide-en-cas-de-crise-de-suicide\/"]}]},{"@type":"ImageObject","inLanguage":"fr-FR","@id":"https:\/\/johnhowardfredericton.ca\/fr\/9-8-8-ligne-daide-en-cas-de-crise-de-suicide\/#primaryimage","url":"https:\/\/johnhowardfredericton.ca\/wp-content\/uploads\/2024\/01\/988-John-Howard-Fredericton.png","contentUrl":"https:\/\/johnhowardfredericton.ca\/wp-content\/uploads\/2024\/01\/988-John-Howard-Fredericton.png"},{"@type":"BreadcrumbList","@id":"https:\/\/johnhowardfredericton.ca\/fr\/9-8-8-ligne-daide-en-cas-de-crise-de-suicide\/#breadcrumb","itemListElement":[{"@type":"ListItem","position":1,"name":"Home","item":"https:\/\/johnhowardfredericton.ca\/fr\/"},{"@type":"ListItem","position":2,"name":"9-8-8 Ligne d&#8217;aide en cas de crise de suicide"}]},{"@type":"WebSite","@id":"https:\/\/johnhowardfredericton.ca\/fr\/#website","url":"https:\/\/johnhowardfredericton.ca\/fr\/","name":"The John Howard Society Of Fredericton Inc","description":"Just another WordPress site","publisher":{"@id":"https:\/\/johnhowardfredericton.ca\/fr\/#organization"},"potentialAction":[{"@type":"SearchAction","target":{"@type":"EntryPoint","urlTemplate":"https:\/\/johnhowardfredericton.ca\/fr\/?s={search_term_string}"},"query-input":"required name=search_term_string"}],"inLanguage":"fr-FR"},{"@type":"Organization","@id":"https:\/\/johnhowardfredericton.ca\/fr\/#organization","name":"The John Howard Society Of Fredericton Inc","url":"https:\/\/johnhowardfredericton.ca\/fr\/","logo":{"@type":"ImageObject","inLanguage":"fr-FR","@id":"https:\/\/johnhowardfredericton.ca\/fr\/#\/schema\/logo\/image\/","url":"https:\/\/johnhowardfredericton.ca\/wp-content\/uploads\/2022\/11\/logo.png","contentUrl":"https:\/\/johnhowardfredericton.ca\/wp-content\/uploads\/2022\/11\/logo.png","width":366,"height":100,"caption":"The John Howard Society Of Fredericton Inc"},"image":{"@id":"https:\/\/johnhowardfredericton.ca\/fr\/#\/schema\/logo\/image\/"}}]}},"_links":{"self":[{"href":"https:\/\/johnhowardfredericton.ca\/fr\/wp-json\/wp\/v2\/pages\/777","targetHints":{"allow":["GET"]}}],"collection":[{"href":"https:\/\/johnhowardfredericton.ca\/fr\/wp-json\/wp\/v2\/pages"}],"about":[{"href":"https:\/\/johnhowardfredericton.ca\/fr\/wp-json\/wp\/v2\/types\/page"}],"author":[{"embeddable":true,"href":"https:\/\/johnhowardfredericton.ca\/fr\/wp-json\/wp\/v2\/users\/2"}],"replies":[{"embeddable":true,"href":"https:\/\/johnhowardfredericton.ca\/fr\/wp-json\/wp\/v2\/comments?post=777"}],"version-history":[{"count":1,"href":"https:\/\/johnhowardfredericton.ca\/fr\/wp-json\/wp\/v2\/pages\/777\/revisions"}],"predecessor-version":[{"id":778,"href":"https:\/\/johnhowardfredericton.ca\/fr\/wp-json\/wp\/v2\/pages\/777\/revisions\/778"}],"wp:attachment":[{"href":"https:\/\/johnhowardfredericton.ca\/fr\/wp-json\/wp\/v2\/media?parent=777"}],"curies":[{"name":"wp","href":"https:\/\/api.w.org\/{rel}","templated":true}]}}