{"id":190,"date":"2022-11-02T15:25:43","date_gmt":"2022-11-02T18:25:43","guid":{"rendered":"https:\/\/johnhowardfredericton.ca\/home\/"},"modified":"2025-03-31T11:20:43","modified_gmt":"2025-03-31T14:20:43","slug":"home","status":"publish","type":"page","link":"https:\/\/johnhowardfredericton.ca\/fr\/","title":{"rendered":"Accueil"},"content":{"rendered":"\n<h1 class=\"wp-block-heading\"><strong>Renforcer l&rsquo;autonomie des individus<\/strong><\/h1>\n\n\n\n<p>La Soci\u00e9t\u00e9 John Howard de Fredericton est une organisation communautaire. Notre but est d\u2019aider les d\u00e9tenus, ex- d\u00e9tenus, et ceux qui sont \u00e0 risque de commettre des infractions criminelles (en raison de leur situation \u00e9conomique, \u00e9motionnel, sociale, ou d\u2019autres facteurs) dans leurs efforts pour r\u00e9int\u00e9grer la soci\u00e9t\u00e9. Nous sommes une organisation qui travaille \u00e0 et autour de Fredericton depuis 1955. Nous sommes compos\u00e9s de citoyens qui acceptent la responsabilit\u00e9 de comprendre and adresser les probl\u00e8mes de crime et le syst\u00e8me de justice p\u00e9nale de mani\u00e8re cr\u00e9ative, humaine et progressiste.<\/p>\n","protected":false},"excerpt":{"rendered":"<p>Renforcer l&rsquo;autonomie des individus La Soci\u00e9t\u00e9 John Howard de Fredericton est une organisation communautaire. Notre but est d\u2019aider les d\u00e9tenus, ex- d\u00e9tenus, et ceux qui sont \u00e0 risque de commettre des infractions criminelles (en raison de leur situation \u00e9conomique, \u00e9motionnel, sociale, ou d\u2019autres facteurs) dans leurs efforts pour r\u00e9int\u00e9grer la soci\u00e9t\u00e9. Nous sommes une organisation [&hellip;]<\/p>\n","protected":false},"author":2,"featured_media":0,"parent":0,"menu_order":0,"comment_status":"closed","ping_status":"closed","template":"templates\/template-home.php","meta":{"_acf_changed":false,"inline_featured_image":false,"footnotes":""},"class_list":["post-190","page","type-page","status-publish","hentry"],"acf":[],"yoast_head":"<!-- This site is optimized with the Yoast SEO plugin v22.3 - https:\/\/yoast.com\/wordpress\/plugins\/seo\/ -->\n<title>Accueil | The John Howard Society Of Fredericton Inc<\/title>\n<meta name=\"description\" content=\"The John Howard Society of Fredericton Inc. is a community-based organization. Our purpose is to assist inmates, ex-offenders, and those considered to be at risk to offend (due to their economic, emotional, social, or other factors) in their attempts to re-enter the circles of mainstream society.\" \/>\n<meta name=\"robots\" content=\"index, follow, max-snippet:-1, max-image-preview:large, max-video-preview:-1\" \/>\n<link rel=\"canonical\" href=\"https:\/\/johnhowardfredericton.ca\/fr\/\" \/>\n<meta property=\"og:locale\" content=\"fr_FR\" \/>\n<meta property=\"og:type\" content=\"article\" \/>\n<meta property=\"og:title\" content=\"Accueil | The John Howard Society Of Fredericton Inc\" \/>\n<meta property=\"og:description\" content=\"The John Howard Society of Fredericton Inc. is a community-based organization. Our purpose is to assist inmates, ex-offenders, and those considered to be at risk to offend (due to their economic, emotional, social, or other factors) in their attempts to re-enter the circles of mainstream society.\" \/>\n<meta property=\"og:url\" content=\"https:\/\/johnhowardfredericton.ca\/fr\/\" \/>\n<meta property=\"og:site_name\" content=\"The John Howard Society Of Fredericton Inc\" \/>\n<meta property=\"article:modified_time\" content=\"2025-03-31T14:20:43+00:00\" \/>\n<meta property=\"og:image\" content=\"https:\/\/johnhowardfredericton.ca\/wp-content\/uploads\/2023\/06\/JohnHoward-Website-1024x576.png\" \/>\n\t<meta property=\"og:image:width\" content=\"1024\" \/>\n\t<meta property=\"og:image:height\" content=\"576\" \/>\n\t<meta property=\"og:image:type\" content=\"image\/png\" \/>\n<meta name=\"twitter:card\" content=\"summary_large_image\" \/>\n<meta name=\"twitter:label1\" content=\"Dur\u00e9e de lecture estim\u00e9e\" \/>\n\t<meta name=\"twitter:data1\" content=\"1 minute\" \/>\n<script type=\"application\/ld+json\" class=\"yoast-schema-graph\">{\"@context\":\"https:\/\/schema.org\",\"@graph\":[{\"@type\":\"WebPage\",\"@id\":\"https:\/\/johnhowardfredericton.ca\/fr\/\",\"url\":\"https:\/\/johnhowardfredericton.ca\/fr\/\",\"name\":\"Accueil | The John Howard Society Of Fredericton Inc\",\"isPartOf\":{\"@id\":\"https:\/\/johnhowardfredericton.ca\/fr\/#website\"},\"datePublished\":\"2022-11-02T18:25:43+00:00\",\"dateModified\":\"2025-03-31T14:20:43+00:00\",\"description\":\"The John Howard Society of Fredericton Inc. is a community-based organization. Our purpose is to assist inmates, ex-offenders, and those considered to be at risk to offend (due to their economic, emotional, social, or other factors) in their attempts to re-enter the circles of mainstream society.\",\"breadcrumb\":{\"@id\":\"https:\/\/johnhowardfredericton.ca\/fr\/#breadcrumb\"},\"inLanguage\":\"fr-FR\",\"potentialAction\":[{\"@type\":\"ReadAction\",\"target\":[\"https:\/\/johnhowardfredericton.ca\/fr\/\"]}]},{\"@type\":\"BreadcrumbList\",\"@id\":\"https:\/\/johnhowardfredericton.ca\/fr\/#breadcrumb\",\"itemListElement\":[{\"@type\":\"ListItem\",\"position\":1,\"name\":\"Home\",\"item\":\"https:\/\/johnhowardfredericton.ca\/fr\/\"},{\"@type\":\"ListItem\",\"position\":2,\"name\":\"Accueil\"}]},{\"@type\":\"WebSite\",\"@id\":\"https:\/\/johnhowardfredericton.ca\/fr\/#website\",\"url\":\"https:\/\/johnhowardfredericton.ca\/fr\/\",\"name\":\"The John Howard Society Of Fredericton Inc\",\"description\":\"Just another WordPress site\",\"publisher\":{\"@id\":\"https:\/\/johnhowardfredericton.ca\/fr\/#organization\"},\"potentialAction\":[{\"@type\":\"SearchAction\",\"target\":{\"@type\":\"EntryPoint\",\"urlTemplate\":\"https:\/\/johnhowardfredericton.ca\/fr\/?s={search_term_string}\"},\"query-input\":\"required name=search_term_string\"}],\"inLanguage\":\"fr-FR\"},{\"@type\":\"Organization\",\"@id\":\"https:\/\/johnhowardfredericton.ca\/fr\/#organization\",\"name\":\"The John Howard Society Of Fredericton Inc\",\"url\":\"https:\/\/johnhowardfredericton.ca\/fr\/\",\"logo\":{\"@type\":\"ImageObject\",\"inLanguage\":\"fr-FR\",\"@id\":\"https:\/\/johnhowardfredericton.ca\/fr\/#\/schema\/logo\/image\/\",\"url\":\"https:\/\/johnhowardfredericton.ca\/wp-content\/uploads\/2022\/11\/logo.png\",\"contentUrl\":\"https:\/\/johnhowardfredericton.ca\/wp-content\/uploads\/2022\/11\/logo.png\",\"width\":366,\"height\":100,\"caption\":\"The John Howard Society Of Fredericton Inc\"},\"image\":{\"@id\":\"https:\/\/johnhowardfredericton.ca\/fr\/#\/schema\/logo\/image\/\"}}]}<\/script>\n<!-- \/ Yoast SEO plugin. -->","yoast_head_json":{"title":"Accueil | The John Howard Society Of Fredericton Inc","description":"The John Howard Society of Fredericton Inc. is a community-based organization. Our purpose is to assist inmates, ex-offenders, and those considered to be at risk to offend (due to their economic, emotional, social, or other factors) in their attempts to re-enter the circles of mainstream society.","robots":{"index":"index","follow":"follow","max-snippet":"max-snippet:-1","max-image-preview":"max-image-preview:large","max-video-preview":"max-video-preview:-1"},"canonical":"https:\/\/johnhowardfredericton.ca\/fr\/","og_locale":"fr_FR","og_type":"article","og_title":"Accueil | The John Howard Society Of Fredericton Inc","og_description":"The John Howard Society of Fredericton Inc. is a community-based organization. Our purpose is to assist inmates, ex-offenders, and those considered to be at risk to offend (due to their economic, emotional, social, or other factors) in their attempts to re-enter the circles of mainstream society.","og_url":"https:\/\/johnhowardfredericton.ca\/fr\/","og_site_name":"The John Howard Society Of Fredericton Inc","article_modified_time":"2025-03-31T14:20:43+00:00","og_image":[{"width":1024,"height":576,"url":"https:\/\/johnhowardfredericton.ca\/wp-content\/uploads\/2023\/06\/JohnHoward-Website-1024x576.png","type":"image\/png"}],"twitter_card":"summary_large_image","twitter_misc":{"Dur\u00e9e de lecture estim\u00e9e":"1 minute"},"schema":{"@context":"https:\/\/schema.org","@graph":[{"@type":"WebPage","@id":"https:\/\/johnhowardfredericton.ca\/fr\/","url":"https:\/\/johnhowardfredericton.ca\/fr\/","name":"Accueil | The John Howard Society Of Fredericton Inc","isPartOf":{"@id":"https:\/\/johnhowardfredericton.ca\/fr\/#website"},"datePublished":"2022-11-02T18:25:43+00:00","dateModified":"2025-03-31T14:20:43+00:00","description":"The John Howard Society of Fredericton Inc. is a community-based organization. Our purpose is to assist inmates, ex-offenders, and those considered to be at risk to offend (due to their economic, emotional, social, or other factors) in their attempts to re-enter the circles of mainstream society.","breadcrumb":{"@id":"https:\/\/johnhowardfredericton.ca\/fr\/#breadcrumb"},"inLanguage":"fr-FR","potentialAction":[{"@type":"ReadAction","target":["https:\/\/johnhowardfredericton.ca\/fr\/"]}]},{"@type":"BreadcrumbList","@id":"https:\/\/johnhowardfredericton.ca\/fr\/#breadcrumb","itemListElement":[{"@type":"ListItem","position":1,"name":"Home","item":"https:\/\/johnhowardfredericton.ca\/fr\/"},{"@type":"ListItem","position":2,"name":"Accueil"}]},{"@type":"WebSite","@id":"https:\/\/johnhowardfredericton.ca\/fr\/#website","url":"https:\/\/johnhowardfredericton.ca\/fr\/","name":"The John Howard Society Of Fredericton Inc","description":"Just another WordPress site","publisher":{"@id":"https:\/\/johnhowardfredericton.ca\/fr\/#organization"},"potentialAction":[{"@type":"SearchAction","target":{"@type":"EntryPoint","urlTemplate":"https:\/\/johnhowardfredericton.ca\/fr\/?s={search_term_string}"},"query-input":"required name=search_term_string"}],"inLanguage":"fr-FR"},{"@type":"Organization","@id":"https:\/\/johnhowardfredericton.ca\/fr\/#organization","name":"The John Howard Society Of Fredericton Inc","url":"https:\/\/johnhowardfredericton.ca\/fr\/","logo":{"@type":"ImageObject","inLanguage":"fr-FR","@id":"https:\/\/johnhowardfredericton.ca\/fr\/#\/schema\/logo\/image\/","url":"https:\/\/johnhowardfredericton.ca\/wp-content\/uploads\/2022\/11\/logo.png","contentUrl":"https:\/\/johnhowardfredericton.ca\/wp-content\/uploads\/2022\/11\/logo.png","width":366,"height":100,"caption":"The John Howard Society Of Fredericton Inc"},"image":{"@id":"https:\/\/johnhowardfredericton.ca\/fr\/#\/schema\/logo\/image\/"}}]}},"_links":{"self":[{"href":"https:\/\/johnhowardfredericton.ca\/fr\/wp-json\/wp\/v2\/pages\/190","targetHints":{"allow":["GET"]}}],"collection":[{"href":"https:\/\/johnhowardfredericton.ca\/fr\/wp-json\/wp\/v2\/pages"}],"about":[{"href":"https:\/\/johnhowardfredericton.ca\/fr\/wp-json\/wp\/v2\/types\/page"}],"author":[{"embeddable":true,"href":"https:\/\/johnhowardfredericton.ca\/fr\/wp-json\/wp\/v2\/users\/2"}],"replies":[{"embeddable":true,"href":"https:\/\/johnhowardfredericton.ca\/fr\/wp-json\/wp\/v2\/comments?post=190"}],"version-history":[{"count":75,"href":"https:\/\/johnhowardfredericton.ca\/fr\/wp-json\/wp\/v2\/pages\/190\/revisions"}],"predecessor-version":[{"id":833,"href":"https:\/\/johnhowardfredericton.ca\/fr\/wp-json\/wp\/v2\/pages\/190\/revisions\/833"}],"wp:attachment":[{"href":"https:\/\/johnhowardfredericton.ca\/fr\/wp-json\/wp\/v2\/media?parent=190"}],"curies":[{"name":"wp","href":"https:\/\/api.w.org\/{rel}","templated":true}]}}